{"id":25431,"date":"2023-03-06T16:45:44","date_gmt":"2023-03-06T15:45:44","guid":{"rendered":"https:\/\/campinglesgalets.fr\/bar-restauration\/"},"modified":"2026-03-30T11:20:56","modified_gmt":"2026-03-30T10:20:56","slug":"bar-restaurant","status":"publish","type":"page","link":"https:\/\/campinglesgalets.fr\/ca\/bar-restaurant\/","title":{"rendered":"Bar restaurant"},"content":{"rendered":"","protected":false},"excerpt":{"rendered":"","protected":false},"author":1,"featured_media":24394,"parent":0,"menu_order":0,"comment_status":"closed","ping_status":"closed","template":"","meta":{"_acf_changed":false,"_et_pb_use_builder":"","_et_pb_old_content":"","_et_gb_content_width":"","footnotes":""},"class_list":["post-25431","page","type-page","status-publish","has-post-thumbnail","hentry"],"acf":[],"yoast_head":"<!-- This site is optimized with the Yoast SEO plugin v27.4 - https:\/\/yoast.com\/product\/yoast-seo-wordpress\/ -->\n<title>Restaurant Llacuna a Argeles sur Mer als Pirineus Orientals<\/title>\n<meta name=\"description\" content=\"D\u00e9couvrez Le Lagon, le bar-restaurant du camping Les Galets \u00e0 Argel\u00e8s sur mer dans les Pyr\u00e9n\u00e9es Orientales (66). Voir les disponibilit\u00e9s du camping.\" \/>\n<meta name=\"robots\" content=\"index, follow, max-snippet:-1, max-image-preview:large, max-video-preview:-1\" \/>\n<link rel=\"canonical\" href=\"https:\/\/campinglesgalets.fr\/ca\/bar-restaurant\/\" \/>\n<meta property=\"og:locale\" content=\"ca_ES\" \/>\n<meta property=\"og:type\" content=\"article\" \/>\n<meta property=\"og:title\" content=\"Restaurant Llacuna a Argeles sur Mer als Pirineus Orientals\" \/>\n<meta property=\"og:description\" content=\"D\u00e9couvrez Le Lagon, le bar-restaurant du camping Les Galets \u00e0 Argel\u00e8s sur mer dans les Pyr\u00e9n\u00e9es Orientales (66). Voir les disponibilit\u00e9s du camping.\" \/>\n<meta property=\"og:url\" content=\"https:\/\/campinglesgalets.fr\/ca\/bar-restaurant\/\" \/>\n<meta property=\"og:site_name\" content=\"Camping les galets\" \/>\n<meta property=\"article:modified_time\" content=\"2026-03-30T10:20:56+00:00\" \/>\n<meta property=\"og:image\" content=\"https:\/\/campinglesgalets.fr\/wp-content\/uploads\/2023\/03\/photos_2015_tri_manuel_030-2100x1337-1.jpg\" \/>\n\t<meta property=\"og:image:width\" content=\"2100\" \/>\n\t<meta property=\"og:image:height\" content=\"1337\" \/>\n\t<meta property=\"og:image:type\" content=\"image\/jpeg\" \/>\n<meta name=\"twitter:card\" content=\"summary_large_image\" \/>\n<meta name=\"twitter:label1\" content=\"Temps estimat de lectura\" \/>\n\t<meta name=\"twitter:data1\" content=\"3 minuts\" \/>\n<script type=\"application\/ld+json\" class=\"yoast-schema-graph\">{\"@context\":\"https:\\\/\\\/schema.org\",\"@graph\":[{\"@type\":\"WebPage\",\"@id\":\"https:\\\/\\\/campinglesgalets.fr\\\/ca\\\/bar-restaurant\\\/\",\"url\":\"https:\\\/\\\/campinglesgalets.fr\\\/ca\\\/bar-restaurant\\\/\",\"name\":\"Restaurant Llacuna a Argeles sur Mer als Pirineus Orientals\",\"isPartOf\":{\"@id\":\"https:\\\/\\\/campinglesgalets.fr\\\/ca\\\/#website\"},\"primaryImageOfPage\":{\"@id\":\"https:\\\/\\\/campinglesgalets.fr\\\/ca\\\/bar-restaurant\\\/#primaryimage\"},\"image\":{\"@id\":\"https:\\\/\\\/campinglesgalets.fr\\\/ca\\\/bar-restaurant\\\/#primaryimage\"},\"thumbnailUrl\":\"https:\\\/\\\/campinglesgalets.fr\\\/wp-content\\\/uploads\\\/2023\\\/03\\\/photos_2015_tri_manuel_030-2100x1337-1.jpg\",\"datePublished\":\"2023-03-06T15:45:44+00:00\",\"dateModified\":\"2026-03-30T10:20:56+00:00\",\"description\":\"D\u00e9couvrez Le Lagon, le bar-restaurant du camping Les Galets \u00e0 Argel\u00e8s sur mer dans les Pyr\u00e9n\u00e9es Orientales (66). Voir les disponibilit\u00e9s du camping.\",\"breadcrumb\":{\"@id\":\"https:\\\/\\\/campinglesgalets.fr\\\/ca\\\/bar-restaurant\\\/#breadcrumb\"},\"inLanguage\":\"ca\",\"potentialAction\":[{\"@type\":\"ReadAction\",\"target\":[\"https:\\\/\\\/campinglesgalets.fr\\\/ca\\\/bar-restaurant\\\/\"]}]},{\"@type\":\"ImageObject\",\"inLanguage\":\"ca\",\"@id\":\"https:\\\/\\\/campinglesgalets.fr\\\/ca\\\/bar-restaurant\\\/#primaryimage\",\"url\":\"https:\\\/\\\/campinglesgalets.fr\\\/wp-content\\\/uploads\\\/2023\\\/03\\\/photos_2015_tri_manuel_030-2100x1337-1.jpg\",\"contentUrl\":\"https:\\\/\\\/campinglesgalets.fr\\\/wp-content\\\/uploads\\\/2023\\\/03\\\/photos_2015_tri_manuel_030-2100x1337-1.jpg\",\"width\":2100,\"height\":1337,\"caption\":\"camping avec club enfant\"},{\"@type\":\"BreadcrumbList\",\"@id\":\"https:\\\/\\\/campinglesgalets.fr\\\/ca\\\/bar-restaurant\\\/#breadcrumb\",\"itemListElement\":[{\"@type\":\"ListItem\",\"position\":1,\"name\":\"Camping \u00e0 Argel\u00e8s-sur-Mer\",\"item\":\"https:\\\/\\\/campinglesgalets.fr\\\/ca\\\/\"},{\"@type\":\"ListItem\",\"position\":2,\"name\":\"Bar restaurant\"}]},{\"@type\":\"WebSite\",\"@id\":\"https:\\\/\\\/campinglesgalets.fr\\\/ca\\\/#website\",\"url\":\"https:\\\/\\\/campinglesgalets.fr\\\/ca\\\/\",\"name\":\"Camping les galets\",\"description\":\"Camping Argel\u00e8s-sur-Mer\",\"publisher\":{\"@id\":\"https:\\\/\\\/campinglesgalets.fr\\\/ca\\\/#organization\"},\"potentialAction\":[{\"@type\":\"SearchAction\",\"target\":{\"@type\":\"EntryPoint\",\"urlTemplate\":\"https:\\\/\\\/campinglesgalets.fr\\\/ca\\\/?s={search_term_string}\"},\"query-input\":{\"@type\":\"PropertyValueSpecification\",\"valueRequired\":true,\"valueName\":\"search_term_string\"}}],\"inLanguage\":\"ca\"},{\"@type\":\"Organization\",\"@id\":\"https:\\\/\\\/campinglesgalets.fr\\\/ca\\\/#organization\",\"name\":\"Camping les Galets\",\"url\":\"https:\\\/\\\/campinglesgalets.fr\\\/ca\\\/\",\"logo\":{\"@type\":\"ImageObject\",\"inLanguage\":\"ca\",\"@id\":\"https:\\\/\\\/campinglesgalets.fr\\\/ca\\\/#\\\/schema\\\/logo\\\/image\\\/\",\"url\":\"https:\\\/\\\/campinglesgalets.fr\\\/wp-content\\\/uploads\\\/2025\\\/10\\\/Logo_Footer.svg\",\"contentUrl\":\"https:\\\/\\\/campinglesgalets.fr\\\/wp-content\\\/uploads\\\/2025\\\/10\\\/Logo_Footer.svg\",\"width\":267,\"height\":175,\"caption\":\"Camping les Galets\"},\"image\":{\"@id\":\"https:\\\/\\\/campinglesgalets.fr\\\/ca\\\/#\\\/schema\\\/logo\\\/image\\\/\"}}]}<\/script>\n<!-- \/ Yoast SEO plugin. -->","yoast_head_json":{"title":"Restaurant Llacuna a Argeles sur Mer als Pirineus Orientals","description":"D\u00e9couvrez Le Lagon, le bar-restaurant du camping Les Galets \u00e0 Argel\u00e8s sur mer dans les Pyr\u00e9n\u00e9es Orientales (66). Voir les disponibilit\u00e9s du camping.","robots":{"index":"index","follow":"follow","max-snippet":"max-snippet:-1","max-image-preview":"max-image-preview:large","max-video-preview":"max-video-preview:-1"},"canonical":"https:\/\/campinglesgalets.fr\/ca\/bar-restaurant\/","og_locale":"ca_ES","og_type":"article","og_title":"Restaurant Llacuna a Argeles sur Mer als Pirineus Orientals","og_description":"D\u00e9couvrez Le Lagon, le bar-restaurant du camping Les Galets \u00e0 Argel\u00e8s sur mer dans les Pyr\u00e9n\u00e9es Orientales (66). Voir les disponibilit\u00e9s du camping.","og_url":"https:\/\/campinglesgalets.fr\/ca\/bar-restaurant\/","og_site_name":"Camping les galets","article_modified_time":"2026-03-30T10:20:56+00:00","og_image":[{"width":2100,"height":1337,"url":"https:\/\/campinglesgalets.fr\/wp-content\/uploads\/2023\/03\/photos_2015_tri_manuel_030-2100x1337-1.jpg","type":"image\/jpeg"}],"twitter_card":"summary_large_image","twitter_misc":{"Temps estimat de lectura":"3 minuts"},"schema":{"@context":"https:\/\/schema.org","@graph":[{"@type":"WebPage","@id":"https:\/\/campinglesgalets.fr\/ca\/bar-restaurant\/","url":"https:\/\/campinglesgalets.fr\/ca\/bar-restaurant\/","name":"Restaurant Llacuna a Argeles sur Mer als Pirineus Orientals","isPartOf":{"@id":"https:\/\/campinglesgalets.fr\/ca\/#website"},"primaryImageOfPage":{"@id":"https:\/\/campinglesgalets.fr\/ca\/bar-restaurant\/#primaryimage"},"image":{"@id":"https:\/\/campinglesgalets.fr\/ca\/bar-restaurant\/#primaryimage"},"thumbnailUrl":"https:\/\/campinglesgalets.fr\/wp-content\/uploads\/2023\/03\/photos_2015_tri_manuel_030-2100x1337-1.jpg","datePublished":"2023-03-06T15:45:44+00:00","dateModified":"2026-03-30T10:20:56+00:00","description":"D\u00e9couvrez Le Lagon, le bar-restaurant du camping Les Galets \u00e0 Argel\u00e8s sur mer dans les Pyr\u00e9n\u00e9es Orientales (66). Voir les disponibilit\u00e9s du camping.","breadcrumb":{"@id":"https:\/\/campinglesgalets.fr\/ca\/bar-restaurant\/#breadcrumb"},"inLanguage":"ca","potentialAction":[{"@type":"ReadAction","target":["https:\/\/campinglesgalets.fr\/ca\/bar-restaurant\/"]}]},{"@type":"ImageObject","inLanguage":"ca","@id":"https:\/\/campinglesgalets.fr\/ca\/bar-restaurant\/#primaryimage","url":"https:\/\/campinglesgalets.fr\/wp-content\/uploads\/2023\/03\/photos_2015_tri_manuel_030-2100x1337-1.jpg","contentUrl":"https:\/\/campinglesgalets.fr\/wp-content\/uploads\/2023\/03\/photos_2015_tri_manuel_030-2100x1337-1.jpg","width":2100,"height":1337,"caption":"camping avec club enfant"},{"@type":"BreadcrumbList","@id":"https:\/\/campinglesgalets.fr\/ca\/bar-restaurant\/#breadcrumb","itemListElement":[{"@type":"ListItem","position":1,"name":"Camping \u00e0 Argel\u00e8s-sur-Mer","item":"https:\/\/campinglesgalets.fr\/ca\/"},{"@type":"ListItem","position":2,"name":"Bar restaurant"}]},{"@type":"WebSite","@id":"https:\/\/campinglesgalets.fr\/ca\/#website","url":"https:\/\/campinglesgalets.fr\/ca\/","name":"Camping les galets","description":"Camping Argel\u00e8s-sur-Mer","publisher":{"@id":"https:\/\/campinglesgalets.fr\/ca\/#organization"},"potentialAction":[{"@type":"SearchAction","target":{"@type":"EntryPoint","urlTemplate":"https:\/\/campinglesgalets.fr\/ca\/?s={search_term_string}"},"query-input":{"@type":"PropertyValueSpecification","valueRequired":true,"valueName":"search_term_string"}}],"inLanguage":"ca"},{"@type":"Organization","@id":"https:\/\/campinglesgalets.fr\/ca\/#organization","name":"Camping les Galets","url":"https:\/\/campinglesgalets.fr\/ca\/","logo":{"@type":"ImageObject","inLanguage":"ca","@id":"https:\/\/campinglesgalets.fr\/ca\/#\/schema\/logo\/image\/","url":"https:\/\/campinglesgalets.fr\/wp-content\/uploads\/2025\/10\/Logo_Footer.svg","contentUrl":"https:\/\/campinglesgalets.fr\/wp-content\/uploads\/2025\/10\/Logo_Footer.svg","width":267,"height":175,"caption":"Camping les Galets"},"image":{"@id":"https:\/\/campinglesgalets.fr\/ca\/#\/schema\/logo\/image\/"}}]}},"_links":{"self":[{"href":"https:\/\/campinglesgalets.fr\/ca\/wp-json\/wp\/v2\/pages\/25431","targetHints":{"allow":["GET"]}}],"collection":[{"href":"https:\/\/campinglesgalets.fr\/ca\/wp-json\/wp\/v2\/pages"}],"about":[{"href":"https:\/\/campinglesgalets.fr\/ca\/wp-json\/wp\/v2\/types\/page"}],"author":[{"embeddable":true,"href":"https:\/\/campinglesgalets.fr\/ca\/wp-json\/wp\/v2\/users\/1"}],"replies":[{"embeddable":true,"href":"https:\/\/campinglesgalets.fr\/ca\/wp-json\/wp\/v2\/comments?post=25431"}],"version-history":[{"count":1,"href":"https:\/\/campinglesgalets.fr\/ca\/wp-json\/wp\/v2\/pages\/25431\/revisions"}],"predecessor-version":[{"id":311785,"href":"https:\/\/campinglesgalets.fr\/ca\/wp-json\/wp\/v2\/pages\/25431\/revisions\/311785"}],"wp:featuredmedia":[{"embeddable":true,"href":"https:\/\/campinglesgalets.fr\/ca\/wp-json\/wp\/v2\/media\/24394"}],"wp:attachment":[{"href":"https:\/\/campinglesgalets.fr\/ca\/wp-json\/wp\/v2\/media?parent=25431"}],"curies":[{"name":"wp","href":"https:\/\/api.w.org\/{rel}","templated":true}]}}